{"id":3,"date":"2019-06-29T13:38:57","date_gmt":"2019-06-29T11:38:57","guid":{"rendered":"http:\/\/www.annodazumal.net\/Annodazumal\/?page_id=3"},"modified":"2022-12-09T15:50:49","modified_gmt":"2022-12-09T14:50:49","slug":"datenschutzerklaerung","status":"publish","type":"page","link":"https:\/\/www.annodazumal.net\/index.php\/datenschutzerklaerung\/","title":{"rendered":"Datenschutzerkl\u00e4rung"},"content":{"rendered":"\n<h4 class=\"wp-block-heading\">\u00a7&nbsp;1 Information \u00fcber die Erhebung personenbezogener Daten<\/h4>\n\n\n\n<p>(1) Im Folgenden informiere ich Sie \u00fcber die Erhebung personenbezogener Daten bei Nutzung des Website Angebots unter http:\/\/www.annodazumal.net. Personenbezogene Daten sind alle Daten, die auf Sie pers\u00f6nlich beziehbar sind, z. B. Name, Adresse, E-Mail-Adressen, Nutzerverhalten.<\/p>\n\n\n\n<p>(2) Verantwortlicher gem. Art.\u00a04 Abs.\u00a07 EU-Datenschutz-Grundverordnung (DS-GVO) ist Barbara Ward, Reichspr\u00e4sidentenstr. 4, 45470 M\u00fclheim, info@barbaraward.de (siehe auch mein Impressum). <\/p>\n\n\n\n<p>(3) Bei Ihrer Kontaktaufnahme per E-Mail oder \u00fcber ein Kontaktformular werden die von Ihnen mitgeteilten Daten (Ihre E-Mail-Adresse, ggf. Ihr Name und Ihre Telefonnummer) von mir gespeichert, um Ihre Fragen zu beantworten. Die in diesem Zusammenhang anfallenden Daten l\u00f6sche ich, nachdem die Speicherung nicht mehr erforderlich ist, oder schr\u00e4nke die Verarbeitung ein, falls gesetzliche Aufbewahrungspflichten bestehen.<\/p>\n\n\n\n<p>(4) Falls ich f\u00fcr einzelne Funktionen dieses Angebots auf beauftragte Dienstleister zur\u00fcckgreife, werde ich Sie untenstehend im Detail \u00fcber die jeweiligen Vorg\u00e4nge informieren. Dabei nennen wir auch die festgelegten Kriterien der Speicherdauer.<\/p>\n\n\n\n<h4 class=\"wp-block-heading\">\u00a7&nbsp;2 Ihre Rechte<\/h4>\n\n\n\n<p>(1) Sie haben mir gegen\u00fcber folgende Rechte hinsichtlich der Sie betreffenden personenbezogenen Daten:<br>\n\u2013     Recht auf Auskunft,<br>\n\u2013     Recht auf Berichtigung oder L\u00f6schung,<br>\n\u2013     Recht auf Einschr\u00e4nkung der Verarbeitung,<br>\n\u2013     Recht auf Widerspruch gegen die Verarbeitung,<br>\n\u2013     Recht auf Daten\u00fcbertragbarkeit.<\/p>\n\n\n\n<p>(2) Sie haben zudem das Recht, sich bei einer Datenschutz-Aufsichtsbeh\u00f6rde \u00fcber die Verarbeitung Ihrer personenbezogenen Daten durch mich zu beschweren.<\/p>\n\n\n\n<h4 class=\"wp-block-heading\">\u00a7&nbsp;3 Erhebung personenbezogener Daten bei Besuch unserer Website<\/h4>\n\n\n\n<p>(1) Bei der blo\u00df informatorischen Nutzung der Website, also wenn Sie sich nicht f\u00fcr Kommentare registrieren oder mir anderweitig Informationen \u00fcbermitteln, erhebe ich nur die personenbezogenen Daten, die Ihr Browser an den Server \u00fcbermittelt. Wenn Sie die Website betrachten m\u00f6chten, erheben wir die folgenden Daten, die technisch erforderlich sind, um Ihnen die Website anzuzeigen und die Stabilit\u00e4t und Sicherheit zu gew\u00e4hrleisten (Rechtsgrundlage ist Art.&nbsp;6 Abs.&nbsp;1 S.&nbsp;1 lit. f DS-GVO):<br>\n\u2013     IP-Adresse<br>\n\u2013     Datum und Uhrzeit der Anfrage<br>\n\u2013     Zeitzonendifferenz zur Greenwich Mean Time (GMT)<br>\n\u2013     Inhalt der Anforderung (konkrete Seite)<br>\n\u2013     Zugriffsstatus\/HTTP-Statuscode<br>\n\u2013     jeweils \u00fcbertragene Datenmenge<br>\n\u2013     Website, von der die Anforderung kommt<br>\n\u2013     Browser<br>\n\u2013     Betriebssystem und dessen Oberfl\u00e4che<br>\n\u2013     Sprache und Version der Browsersoftware.<\/p>\n\n\n\n<p>(2) Zus\u00e4tzlich zu den zuvor genannten Daten werden bei Ihrer Nutzung der Website Cookies auf Ihrem Rechner gespeichert. Bei Cookies handelt es sich um kleine Textdateien, die auf Ihrer Festplatte dem von Ihnen verwendeten Browser zugeordnet gespeichert werden und durch welche der Stelle, die den Cookie setzt (hier durch uns), bestimmte Informationen zuflie\u00dfen. Cookies k\u00f6nnen keine Programme ausf\u00fchren oder Viren auf Ihren Computer \u00fcbertragen. Sie dienen dazu, das Internetangebot insgesamt nutzerfreundlicher und effektiver zu machen.<\/p>\n\n\n\n<p>(3) Einsatz von Cookies:<br>\na)     Diese Website nutzt folgende Arten von Cookies, deren Umfang und Funktionsweise im Folgenden erl\u00e4utert werden:<br>\n\u2013     Transiente Cookies (dazu b)<br>\n\u2013     Persistente Cookies (dazu c).<br>\nb)     Transiente Cookies werden automatisiert gel\u00f6scht, wenn Sie den Browser schlie\u00dfen. Dazu z\u00e4hlen insbesondere die Session-Cookies. Diese speichern eine sogenannte Session-ID, mit welcher sich verschiedene Anfragen Ihres Browsers der gemeinsamen Sitzung zuordnen lassen. Dadurch kann Ihr Rechner wiedererkannt werden, wenn Sie auf meine Website zur\u00fcckkehren. Die Session-Cookies werden gel\u00f6scht, wenn Sie sich ausloggen oder den Browser schlie\u00dfen.<br>\nc)     Persistente Cookies werden automatisiert nach einer vorgegebenen Dauer gel\u00f6scht, die sich je nach Cookie unterscheiden kann. Sie k\u00f6nnen die Cookies in den Sicherheitseinstellungen Ihres Browsers jederzeit l\u00f6schen.<br>\nd)     Sie k\u00f6nnen Ihre Browser-Einstellung entsprechend Ihren W\u00fcnschen konfigurieren und z. B. die Annahme von Third-Party-Cookies oder allen Cookies ablehnen. Ich weise Sie darauf hin, dass Sie dann eventuell nicht alle Funktionen dieser Website nutzen k\u00f6nnen.<\/p>\n\n\n\n<h4 class=\"wp-block-heading\">\u00a7&nbsp;4 Weitere Funktionen und Angebote von annodazumal.net<\/h4>\n\n\n\n<p>(1) Neben der rein informatorischen Nutzung meiner Website bieten wir verschiedene Leistungen an, die Sie bei Interesse nutzen k\u00f6nnen (z.B. Kommentarfunktion). Dazu m\u00fcssen Sie in der Regel weitere personenbezogene Daten angeben, die wir zur Erbringung der jeweiligen Leistung nutzen und f\u00fcr die die zuvor genannten Grunds\u00e4tze zur Datenverarbeitung gelten.<\/p>\n\n\n\n<p>(2) Ich bediene mich zur Verarbeitung Ihrer Daten externer Dienstleister. Diese wurden von uns sorgf\u00e4ltig ausgew\u00e4hlt und beauftragt, sind an unsere Weisungen gebunden und werden regelm\u00e4\u00dfig kontrolliert.<\/p>\n\n\n\n<p>(3) Soweit meine Dienstleister oder Partner ihren Sitz in einem Staat au\u00dferhalb des Europ\u00e4ischen Wirtschaftsraumes (EWR) haben, informiere ich Sie \u00fcber die Folgen dieses Umstands in der Beschreibung des Angebotes.<\/p>\n\n\n\n<p>(4) Unsere Website und unser mobiles Webangebot nutzen das \u201eSkalierbare Zentrale Messverfahren\u201c (SZM) der Kantar Deutschland GmbH f\u00fcr die Ermittlung statistischer Kennwerte zur Ermittlung der Kopierwahrscheinlichkeit von Texten. Dies erm\u00f6glicht mir, an den Aussch\u00fcttungen der VG Wort zu partizipieren, die die gesetzliche Verg\u00fctung f\u00fcr die Nutzungen urheberrechtlich gesch\u00fctzter Werke gem. \u00a7 53 UrhG sicherstellen.<\/p>\n\n\n\n<p>Dabei werden anonyme Messwerte erhoben. Die Zugriffszahlenmessung verwendet zur Wiedererkennung von Computersystemen alternativ ein Session-Cookie oder eine Signatur, die aus verschiedenen automatisch \u00fcber- tragenen Informationen Ihres Browsers erstellt wird. IP-Adressen werden nur in anonymisierter Form verarbeitet.<br> Das Verfahren wurde unter der Beachtung des Datenschutzes entwickelt. Einziges Ziel des Verfahrens ist es, die Kopierwahrscheinlichkeit einzelner Texte zu ermitteln.<br> Zu keinem Zeitpunkt werden einzelne Nutzer identifiziert. Ihre Identit\u00e4t bleibt immer gesch\u00fctzt. Sie erhalten \u00fcber das System keine Werbung.<\/p>\n\n\n\n<h4 class=\"wp-block-heading\">\u00a7&nbsp;5 Widerspruch oder Widerruf gegen die Verarbeitung Ihrer Daten<\/h4>\n\n\n\n<p>(1) Falls Sie eine Einwilligung zur Verarbeitung Ihrer Daten erteilt haben, k\u00f6nnen Sie diese jederzeit widerrufen. Ein solcher Widerruf beeinflusst die Zul\u00e4ssigkeit der Verarbeitung Ihrer personenbezogenen Daten, nachdem Sie ihn mir gegen\u00fcber ausgesprochen haben.<\/p>\n\n\n\n<p>(2) Soweit ich die Verarbeitung Ihrer personenbezogenen Daten auf die Interessenabw\u00e4gung st\u00fctze, k\u00f6nnen Sie Widerspruch gegen die Verarbeitung einlegen. Dies ist der Fall, wenn die Verarbeitung insbesondere nicht zur Erf\u00fcllung eines Vertrags mit Ihnen erforderlich ist, was von mir jeweils bei der jeweiligen Beschreibung der Funktionen dargestellt wird. Bei Aus\u00fcbung eines solchen Widerspruchs bitte ich Sie um Darlegung der Gr\u00fcnde, weshalb ich Ihre personenbezogenen Daten nicht wie von uns durchgef\u00fchrt verarbeiten soll. Im Falle Ihres begr\u00fcndeten Widerspruchs pr\u00fcfe ich die Sachlage und werde entweder die Datenverarbeitung einstellen bzw. anpassen oder Ihnen meine zwingenden schutzw\u00fcrdigen Gr\u00fcnde aufzeigen, aufgrund derer ich die Verarbeitung fortf\u00fchre.<\/p>\n\n\n\n<p>(3) Selbstverst\u00e4ndlich k\u00f6nnen Sie der Verarbeitung Ihrer personenbezogenen Daten f\u00fcr Zwecke der Datenanalyse jederzeit widersprechen (siehe obige Kontaktdaten).<\/p>\n","protected":false},"excerpt":{"rendered":"<p>\u00a7&nbsp;1 Information \u00fcber die Erhebung personenbezogener Daten (1) Im Folgenden informiere ich Sie \u00fcber die Erhebung personenbezogener Daten bei Nutzung des Website Angebots unter http:\/\/www.annodazumal.net. Personenbezogene Daten sind alle Daten, [&hellip;]<\/p>\n","protected":false},"author":1,"featured_media":0,"parent":0,"menu_order":0,"comment_status":"closed","ping_status":"open","template":"","meta":{"footnotes":""},"class_list":["post-3","page","type-page","status-publish","hentry"],"yoast_head":"<!-- This site is optimized with the Yoast SEO plugin v27.3 - https:\/\/yoast.com\/product\/yoast-seo-wordpress\/ -->\n<title>Datenschutzerkl\u00e4rung -<\/title>\n<meta name=\"robots\" content=\"index, follow, max-snippet:-1, max-image-preview:large, max-video-preview:-1\" \/>\n<link rel=\"canonical\" href=\"https:\/\/www.annodazumal.net\/index.php\/datenschutzerklaerung\/\" \/>\n<meta property=\"og:locale\" content=\"de_DE\" \/>\n<meta property=\"og:type\" content=\"article\" \/>\n<meta property=\"og:title\" content=\"Datenschutzerkl\u00e4rung -\" \/>\n<meta property=\"og:description\" content=\"\u00a7&nbsp;1 Information \u00fcber die Erhebung personenbezogener Daten (1) Im Folgenden informiere ich Sie \u00fcber die Erhebung personenbezogener Daten bei Nutzung des Website Angebots unter http:\/\/www.annodazumal.net. Personenbezogene Daten sind alle Daten, [&hellip;]\" \/>\n<meta property=\"og:url\" content=\"https:\/\/www.annodazumal.net\/index.php\/datenschutzerklaerung\/\" \/>\n<meta property=\"article:modified_time\" content=\"2022-12-09T14:50:49+00:00\" \/>\n<meta name=\"twitter:card\" content=\"summary_large_image\" \/>\n<meta name=\"twitter:label1\" content=\"Gesch\u00e4tzte Lesezeit\" \/>\n\t<meta name=\"twitter:data1\" content=\"6\u00a0Minuten\" \/>\n<script type=\"application\/ld+json\" class=\"yoast-schema-graph\">{\"@context\":\"https:\\\/\\\/schema.org\",\"@graph\":[{\"@type\":\"WebPage\",\"@id\":\"https:\\\/\\\/www.annodazumal.net\\\/index.php\\\/datenschutzerklaerung\\\/\",\"url\":\"https:\\\/\\\/www.annodazumal.net\\\/index.php\\\/datenschutzerklaerung\\\/\",\"name\":\"Datenschutzerkl\u00e4rung -\",\"isPartOf\":{\"@id\":\"https:\\\/\\\/www.annodazumal.net\\\/#website\"},\"datePublished\":\"2019-06-29T11:38:57+00:00\",\"dateModified\":\"2022-12-09T14:50:49+00:00\",\"breadcrumb\":{\"@id\":\"https:\\\/\\\/www.annodazumal.net\\\/index.php\\\/datenschutzerklaerung\\\/#breadcrumb\"},\"inLanguage\":\"de\",\"potentialAction\":[{\"@type\":\"ReadAction\",\"target\":[\"https:\\\/\\\/www.annodazumal.net\\\/index.php\\\/datenschutzerklaerung\\\/\"]}]},{\"@type\":\"BreadcrumbList\",\"@id\":\"https:\\\/\\\/www.annodazumal.net\\\/index.php\\\/datenschutzerklaerung\\\/#breadcrumb\",\"itemListElement\":[{\"@type\":\"ListItem\",\"position\":1,\"name\":\"Startseite\",\"item\":\"https:\\\/\\\/www.annodazumal.net\\\/\"},{\"@type\":\"ListItem\",\"position\":2,\"name\":\"Datenschutzerkl\u00e4rung\"}]},{\"@type\":\"WebSite\",\"@id\":\"https:\\\/\\\/www.annodazumal.net\\\/#website\",\"url\":\"https:\\\/\\\/www.annodazumal.net\\\/\",\"name\":\"\",\"description\":\"\",\"potentialAction\":[{\"@type\":\"SearchAction\",\"target\":{\"@type\":\"EntryPoint\",\"urlTemplate\":\"https:\\\/\\\/www.annodazumal.net\\\/?s={search_term_string}\"},\"query-input\":{\"@type\":\"PropertyValueSpecification\",\"valueRequired\":true,\"valueName\":\"search_term_string\"}}],\"inLanguage\":\"de\"}]}<\/script>\n<!-- \/ Yoast SEO plugin. -->","yoast_head_json":{"title":"Datenschutzerkl\u00e4rung -","robots":{"index":"index","follow":"follow","max-snippet":"max-snippet:-1","max-image-preview":"max-image-preview:large","max-video-preview":"max-video-preview:-1"},"canonical":"https:\/\/www.annodazumal.net\/index.php\/datenschutzerklaerung\/","og_locale":"de_DE","og_type":"article","og_title":"Datenschutzerkl\u00e4rung -","og_description":"\u00a7&nbsp;1 Information \u00fcber die Erhebung personenbezogener Daten (1) Im Folgenden informiere ich Sie \u00fcber die Erhebung personenbezogener Daten bei Nutzung des Website Angebots unter http:\/\/www.annodazumal.net. Personenbezogene Daten sind alle Daten, [&hellip;]","og_url":"https:\/\/www.annodazumal.net\/index.php\/datenschutzerklaerung\/","article_modified_time":"2022-12-09T14:50:49+00:00","twitter_card":"summary_large_image","twitter_misc":{"Gesch\u00e4tzte Lesezeit":"6\u00a0Minuten"},"schema":{"@context":"https:\/\/schema.org","@graph":[{"@type":"WebPage","@id":"https:\/\/www.annodazumal.net\/index.php\/datenschutzerklaerung\/","url":"https:\/\/www.annodazumal.net\/index.php\/datenschutzerklaerung\/","name":"Datenschutzerkl\u00e4rung -","isPartOf":{"@id":"https:\/\/www.annodazumal.net\/#website"},"datePublished":"2019-06-29T11:38:57+00:00","dateModified":"2022-12-09T14:50:49+00:00","breadcrumb":{"@id":"https:\/\/www.annodazumal.net\/index.php\/datenschutzerklaerung\/#breadcrumb"},"inLanguage":"de","potentialAction":[{"@type":"ReadAction","target":["https:\/\/www.annodazumal.net\/index.php\/datenschutzerklaerung\/"]}]},{"@type":"BreadcrumbList","@id":"https:\/\/www.annodazumal.net\/index.php\/datenschutzerklaerung\/#breadcrumb","itemListElement":[{"@type":"ListItem","position":1,"name":"Startseite","item":"https:\/\/www.annodazumal.net\/"},{"@type":"ListItem","position":2,"name":"Datenschutzerkl\u00e4rung"}]},{"@type":"WebSite","@id":"https:\/\/www.annodazumal.net\/#website","url":"https:\/\/www.annodazumal.net\/","name":"","description":"","potentialAction":[{"@type":"SearchAction","target":{"@type":"EntryPoint","urlTemplate":"https:\/\/www.annodazumal.net\/?s={search_term_string}"},"query-input":{"@type":"PropertyValueSpecification","valueRequired":true,"valueName":"search_term_string"}}],"inLanguage":"de"}]}},"_links":{"self":[{"href":"https:\/\/www.annodazumal.net\/index.php\/wp-json\/wp\/v2\/pages\/3","targetHints":{"allow":["GET"]}}],"collection":[{"href":"https:\/\/www.annodazumal.net\/index.php\/wp-json\/wp\/v2\/pages"}],"about":[{"href":"https:\/\/www.annodazumal.net\/index.php\/wp-json\/wp\/v2\/types\/page"}],"author":[{"embeddable":true,"href":"https:\/\/www.annodazumal.net\/index.php\/wp-json\/wp\/v2\/users\/1"}],"replies":[{"embeddable":true,"href":"https:\/\/www.annodazumal.net\/index.php\/wp-json\/wp\/v2\/comments?post=3"}],"version-history":[{"count":6,"href":"https:\/\/www.annodazumal.net\/index.php\/wp-json\/wp\/v2\/pages\/3\/revisions"}],"predecessor-version":[{"id":1191,"href":"https:\/\/www.annodazumal.net\/index.php\/wp-json\/wp\/v2\/pages\/3\/revisions\/1191"}],"wp:attachment":[{"href":"https:\/\/www.annodazumal.net\/index.php\/wp-json\/wp\/v2\/media?parent=3"}],"curies":[{"name":"wp","href":"https:\/\/api.w.org\/{rel}","templated":true}]}}