{"id":241,"date":"2018-09-18T14:53:44","date_gmt":"2018-09-18T14:53:44","guid":{"rendered":"https:\/\/ebigale.webiconthemes.com\/technology\/?page_id=241"},"modified":"2019-07-28T13:01:48","modified_gmt":"2019-07-28T11:01:48","slug":"about-me","status":"publish","type":"page","link":"https:\/\/www.annodazumal.net\/index.php\/about-me\/","title":{"rendered":"Das Projekt"},"content":{"rendered":"<p><img loading=\"lazy\" decoding=\"async\" class=\"image-lightbox wp-image-353  alignright\" src=\"http:\/\/www.annodazumal.net\/wp-content\/uploads\/2019\/07\/15675998_1236451083113347_4683660322952755787_o-2-300x241.jpg\" alt=\"\" width=\"292\" height=\"235\" srcset=\"https:\/\/www.annodazumal.net\/wp-content\/uploads\/2019\/07\/15675998_1236451083113347_4683660322952755787_o-2-300x241.jpg 300w, https:\/\/www.annodazumal.net\/wp-content\/uploads\/2019\/07\/15675998_1236451083113347_4683660322952755787_o-2-768x617.jpg 768w, https:\/\/www.annodazumal.net\/wp-content\/uploads\/2019\/07\/15675998_1236451083113347_4683660322952755787_o-2-1024x822.jpg 1024w, https:\/\/www.annodazumal.net\/wp-content\/uploads\/2019\/07\/15675998_1236451083113347_4683660322952755787_o-2.jpg 1280w\" sizes=\"auto, (max-width: 292px) 100vw, 292px\" \/><\/p>\n<p>[dropcap letter=&#8220;I&#8220;]ch bin ein Social Media-Dinosaurier. Schon 2006 richtete ich im beschaulichen Edinburgh mein (erstes) Facebook-Profil ein. Zugegeben: Eher gezwungenerma\u00dfen, als Teil meines damaligen Jobs n\u00e4mlich. Trotzdem fand ich mich schnell zurecht:<\/p>\n<p>2008 verzeichnete ein von mir betriebene Twitter-Account 14.000 Follower. Seit dem bin ich auf allen m\u00f6glichen Plattformen und Netzwerken unterwegs &#8211; privat wie beruflich.<\/p>\n<p>Aber wie das bei Dinos so ist, erinnere ich mich\u00a0besonders gerne an die wilden Jahre zwischen 2008 und 2012, als es mit Social Media so richtig los ging. Als alles noch von Hand getippt wurde und man f\u00fcr so manche fehlende Funktion einen kreativen Work-Around brauchte. Als Kunstfiguren wie Westerwave auf Twitter f\u00fcr viel Spa\u00df sorgten und gro\u00dfe Marken reihenweise in enorm unterhaltsame Fettn\u00e4pfchen stapften.<\/p>\n<p>Die Textvorlagen zu den Beitr\u00e4gen auf dieser Seite sind in dieser Zeit entstanden, d\u00fcmpelten aber lange auf meinem Rechner herum. Nun habe ich Ihnen neues Leben eingehaucht, denn sie geben einen Eindruck davon, wie ich &#8211; stellvertretend f\u00fcr viele &#8211; die Ver\u00e4nderungen in den ersten Jahren der sozialen Netzwerke wahrgenommen habe. Und was uns damals wichtig erschien&#8230;<\/p>\n<p>Das Annodazumal-Net ist ein Nostalgie-Projekt f\u00fcr alle, die sich an die fr\u00fchen Zeiten von Facebook &amp; Co. erinnern m\u00f6chten. Ein virtuelles Dino-Valley mit vielen bunten Blumen, saftigen Gr\u00e4sern und frischen Wasserl\u00f6chern f\u00fcr einen kleinen Klatsch \u00fcber die gute, alte Zeit.<\/p>\n<p>Mehr \u00fcber mich und meine Arbeit findet ihr auf <a href=\"http:\/\/www.barbaraward.de\">barbaraward.de<\/a>.<\/p>\n<p>[separator type=&#8220;thick&#8220;]<\/p>\n<blockquote><p>\u201cThe only thing worse than a social networking junkie who breaks out in a cold sweat if she hasn&#8217;t updated her page in the past 10 seconds is the person (usually it&#8217;s a guy) who proudly refuses to join Facebook. You know, that same d-bag who held out on getting a cell phone until, like, 2002.\u201d<\/p>\n<p>&#8212; <strong>Andrea Lavinthal<\/strong><\/p><\/blockquote>\n","protected":false},"excerpt":{"rendered":"<p>[dropcap letter=&#8220;I&#8220;]ch bin ein Social Media-Dinosaurier. Schon 2006 richtete ich im beschaulichen Edinburgh mein (erstes) Facebook-Profil ein. Zugegeben: Eher gezwungenerma\u00dfen, als Teil meines damaligen Jobs n\u00e4mlich. Trotzdem fand ich mich [&hellip;]<\/p>\n","protected":false},"author":1,"featured_media":0,"parent":0,"menu_order":0,"comment_status":"closed","ping_status":"closed","template":"","meta":{"footnotes":""},"class_list":["post-241","page","type-page","status-publish","hentry"],"yoast_head":"<!-- This site is optimized with the Yoast SEO plugin v27.5 - https:\/\/yoast.com\/product\/yoast-seo-wordpress\/ -->\n<title>Das Projekt -<\/title>\n<meta name=\"robots\" content=\"index, follow, max-snippet:-1, max-image-preview:large, max-video-preview:-1\" \/>\n<link rel=\"canonical\" href=\"https:\/\/www.annodazumal.net\/index.php\/about-me\/\" \/>\n<meta property=\"og:locale\" content=\"de_DE\" \/>\n<meta property=\"og:type\" content=\"article\" \/>\n<meta property=\"og:title\" content=\"Das Projekt -\" \/>\n<meta property=\"og:description\" content=\"[dropcap letter=&#8220;I&#8220;]ch bin ein Social Media-Dinosaurier. Schon 2006 richtete ich im beschaulichen Edinburgh mein (erstes) Facebook-Profil ein. Zugegeben: Eher gezwungenerma\u00dfen, als Teil meines damaligen Jobs n\u00e4mlich. Trotzdem fand ich mich [&hellip;]\" \/>\n<meta property=\"og:url\" content=\"https:\/\/www.annodazumal.net\/index.php\/about-me\/\" \/>\n<meta property=\"article:modified_time\" content=\"2019-07-28T11:01:48+00:00\" \/>\n<meta property=\"og:image\" content=\"https:\/\/www.annodazumal.net\/wp-content\/uploads\/2019\/07\/15675998_1236451083113347_4683660322952755787_o-2.jpg\" \/>\n\t<meta property=\"og:image:width\" content=\"1280\" \/>\n\t<meta property=\"og:image:height\" content=\"1028\" \/>\n\t<meta property=\"og:image:type\" content=\"image\/jpeg\" \/>\n<meta name=\"twitter:card\" content=\"summary_large_image\" \/>\n<meta name=\"twitter:label1\" content=\"Gesch\u00e4tzte Lesezeit\" \/>\n\t<meta name=\"twitter:data1\" content=\"2\u00a0Minuten\" \/>\n<script type=\"application\/ld+json\" class=\"yoast-schema-graph\">{\"@context\":\"https:\\\/\\\/schema.org\",\"@graph\":[{\"@type\":\"WebPage\",\"@id\":\"https:\\\/\\\/www.annodazumal.net\\\/index.php\\\/about-me\\\/\",\"url\":\"https:\\\/\\\/www.annodazumal.net\\\/index.php\\\/about-me\\\/\",\"name\":\"Das Projekt -\",\"isPartOf\":{\"@id\":\"https:\\\/\\\/www.annodazumal.net\\\/#website\"},\"primaryImageOfPage\":{\"@id\":\"https:\\\/\\\/www.annodazumal.net\\\/index.php\\\/about-me\\\/#primaryimage\"},\"image\":{\"@id\":\"https:\\\/\\\/www.annodazumal.net\\\/index.php\\\/about-me\\\/#primaryimage\"},\"thumbnailUrl\":\"http:\\\/\\\/www.annodazumal.net\\\/wp-content\\\/uploads\\\/2019\\\/07\\\/15675998_1236451083113347_4683660322952755787_o-2-300x241.jpg\",\"datePublished\":\"2018-09-18T14:53:44+00:00\",\"dateModified\":\"2019-07-28T11:01:48+00:00\",\"breadcrumb\":{\"@id\":\"https:\\\/\\\/www.annodazumal.net\\\/index.php\\\/about-me\\\/#breadcrumb\"},\"inLanguage\":\"de\",\"potentialAction\":[{\"@type\":\"ReadAction\",\"target\":[\"https:\\\/\\\/www.annodazumal.net\\\/index.php\\\/about-me\\\/\"]}]},{\"@type\":\"ImageObject\",\"inLanguage\":\"de\",\"@id\":\"https:\\\/\\\/www.annodazumal.net\\\/index.php\\\/about-me\\\/#primaryimage\",\"url\":\"https:\\\/\\\/www.annodazumal.net\\\/wp-content\\\/uploads\\\/2019\\\/07\\\/15675998_1236451083113347_4683660322952755787_o-2.jpg\",\"contentUrl\":\"https:\\\/\\\/www.annodazumal.net\\\/wp-content\\\/uploads\\\/2019\\\/07\\\/15675998_1236451083113347_4683660322952755787_o-2.jpg\",\"width\":1280,\"height\":1028},{\"@type\":\"BreadcrumbList\",\"@id\":\"https:\\\/\\\/www.annodazumal.net\\\/index.php\\\/about-me\\\/#breadcrumb\",\"itemListElement\":[{\"@type\":\"ListItem\",\"position\":1,\"name\":\"Startseite\",\"item\":\"https:\\\/\\\/www.annodazumal.net\\\/\"},{\"@type\":\"ListItem\",\"position\":2,\"name\":\"Das Projekt\"}]},{\"@type\":\"WebSite\",\"@id\":\"https:\\\/\\\/www.annodazumal.net\\\/#website\",\"url\":\"https:\\\/\\\/www.annodazumal.net\\\/\",\"name\":\"\",\"description\":\"\",\"potentialAction\":[{\"@type\":\"SearchAction\",\"target\":{\"@type\":\"EntryPoint\",\"urlTemplate\":\"https:\\\/\\\/www.annodazumal.net\\\/?s={search_term_string}\"},\"query-input\":{\"@type\":\"PropertyValueSpecification\",\"valueRequired\":true,\"valueName\":\"search_term_string\"}}],\"inLanguage\":\"de\"}]}<\/script>\n<!-- \/ Yoast SEO plugin. -->","yoast_head_json":{"title":"Das Projekt -","robots":{"index":"index","follow":"follow","max-snippet":"max-snippet:-1","max-image-preview":"max-image-preview:large","max-video-preview":"max-video-preview:-1"},"canonical":"https:\/\/www.annodazumal.net\/index.php\/about-me\/","og_locale":"de_DE","og_type":"article","og_title":"Das Projekt -","og_description":"[dropcap letter=&#8220;I&#8220;]ch bin ein Social Media-Dinosaurier. Schon 2006 richtete ich im beschaulichen Edinburgh mein (erstes) Facebook-Profil ein. Zugegeben: Eher gezwungenerma\u00dfen, als Teil meines damaligen Jobs n\u00e4mlich. Trotzdem fand ich mich [&hellip;]","og_url":"https:\/\/www.annodazumal.net\/index.php\/about-me\/","article_modified_time":"2019-07-28T11:01:48+00:00","og_image":[{"width":1280,"height":1028,"url":"https:\/\/www.annodazumal.net\/wp-content\/uploads\/2019\/07\/15675998_1236451083113347_4683660322952755787_o-2.jpg","type":"image\/jpeg"}],"twitter_card":"summary_large_image","twitter_misc":{"Gesch\u00e4tzte Lesezeit":"2\u00a0Minuten"},"schema":{"@context":"https:\/\/schema.org","@graph":[{"@type":"WebPage","@id":"https:\/\/www.annodazumal.net\/index.php\/about-me\/","url":"https:\/\/www.annodazumal.net\/index.php\/about-me\/","name":"Das Projekt -","isPartOf":{"@id":"https:\/\/www.annodazumal.net\/#website"},"primaryImageOfPage":{"@id":"https:\/\/www.annodazumal.net\/index.php\/about-me\/#primaryimage"},"image":{"@id":"https:\/\/www.annodazumal.net\/index.php\/about-me\/#primaryimage"},"thumbnailUrl":"http:\/\/www.annodazumal.net\/wp-content\/uploads\/2019\/07\/15675998_1236451083113347_4683660322952755787_o-2-300x241.jpg","datePublished":"2018-09-18T14:53:44+00:00","dateModified":"2019-07-28T11:01:48+00:00","breadcrumb":{"@id":"https:\/\/www.annodazumal.net\/index.php\/about-me\/#breadcrumb"},"inLanguage":"de","potentialAction":[{"@type":"ReadAction","target":["https:\/\/www.annodazumal.net\/index.php\/about-me\/"]}]},{"@type":"ImageObject","inLanguage":"de","@id":"https:\/\/www.annodazumal.net\/index.php\/about-me\/#primaryimage","url":"https:\/\/www.annodazumal.net\/wp-content\/uploads\/2019\/07\/15675998_1236451083113347_4683660322952755787_o-2.jpg","contentUrl":"https:\/\/www.annodazumal.net\/wp-content\/uploads\/2019\/07\/15675998_1236451083113347_4683660322952755787_o-2.jpg","width":1280,"height":1028},{"@type":"BreadcrumbList","@id":"https:\/\/www.annodazumal.net\/index.php\/about-me\/#breadcrumb","itemListElement":[{"@type":"ListItem","position":1,"name":"Startseite","item":"https:\/\/www.annodazumal.net\/"},{"@type":"ListItem","position":2,"name":"Das Projekt"}]},{"@type":"WebSite","@id":"https:\/\/www.annodazumal.net\/#website","url":"https:\/\/www.annodazumal.net\/","name":"","description":"","potentialAction":[{"@type":"SearchAction","target":{"@type":"EntryPoint","urlTemplate":"https:\/\/www.annodazumal.net\/?s={search_term_string}"},"query-input":{"@type":"PropertyValueSpecification","valueRequired":true,"valueName":"search_term_string"}}],"inLanguage":"de"}]}},"_links":{"self":[{"href":"https:\/\/www.annodazumal.net\/index.php\/wp-json\/wp\/v2\/pages\/241","targetHints":{"allow":["GET"]}}],"collection":[{"href":"https:\/\/www.annodazumal.net\/index.php\/wp-json\/wp\/v2\/pages"}],"about":[{"href":"https:\/\/www.annodazumal.net\/index.php\/wp-json\/wp\/v2\/types\/page"}],"author":[{"embeddable":true,"href":"https:\/\/www.annodazumal.net\/index.php\/wp-json\/wp\/v2\/users\/1"}],"replies":[{"embeddable":true,"href":"https:\/\/www.annodazumal.net\/index.php\/wp-json\/wp\/v2\/comments?post=241"}],"version-history":[{"count":11,"href":"https:\/\/www.annodazumal.net\/index.php\/wp-json\/wp\/v2\/pages\/241\/revisions"}],"predecessor-version":[{"id":867,"href":"https:\/\/www.annodazumal.net\/index.php\/wp-json\/wp\/v2\/pages\/241\/revisions\/867"}],"wp:attachment":[{"href":"https:\/\/www.annodazumal.net\/index.php\/wp-json\/wp\/v2\/media?parent=241"}],"curies":[{"name":"wp","href":"https:\/\/api.w.org\/{rel}","templated":true}]}}